{"id":121,"date":"2023-07-03T14:08:35","date_gmt":"2023-07-03T17:08:35","guid":{"rendered":"https:\/\/onlinesonorizacoes.com.br\/?page_id=121"},"modified":"2023-07-11T15:20:25","modified_gmt":"2023-07-11T18:20:25","slug":"produtos","status":"publish","type":"page","link":"https:\/\/onlinesonorizacoes.com.br\/?page_id=121","title":{"rendered":"Produtos"},"content":{"rendered":"\t\t<div data-elementor-type=\"wp-page\" data-elementor-id=\"121\" class=\"elementor elementor-121\">\n\t\t\t\t\t\t\t\t\t<section class=\"elementor-section elementor-top-section elementor-element elementor-element-5647b922 elementor-section-boxed elementor-section-height-default elementor-section-height-default\" data-id=\"5647b922\" data-element_type=\"section\" data-settings=\"{&quot;background_background&quot;:&quot;classic&quot;}\">\n\t\t\t\t\t\t\t<div class=\"elementor-background-overlay\"><\/div>\n\t\t\t\t\t\t\t<div class=\"elementor-container elementor-column-gap-no\">\n\t\t\t\t\t<div class=\"elementor-column elementor-col-100 elementor-top-column elementor-element elementor-element-784a65f\" data-id=\"784a65f\" data-element_type=\"column\">\n\t\t\t<div class=\"elementor-widget-wrap elementor-element-populated\">\n\t\t\t\t\t\t\t\t<div class=\"elementor-element elementor-element-3cd3d48e elementor-widget elementor-widget-heading\" data-id=\"3cd3d48e\" data-element_type=\"widget\" data-widget_type=\"heading.default\">\n\t\t\t\t<div class=\"elementor-widget-container\">\n\t\t\t<style>\/*! elementor - v3.14.0 - 26-06-2023 *\/\n.elementor-heading-title{padding:0;margin:0;line-height:1}.elementor-widget-heading .elementor-heading-title[class*=elementor-size-]>a{color:inherit;font-size:inherit;line-height:inherit}.elementor-widget-heading .elementor-heading-title.elementor-size-small{font-size:15px}.elementor-widget-heading .elementor-heading-title.elementor-size-medium{font-size:19px}.elementor-widget-heading .elementor-heading-title.elementor-size-large{font-size:29px}.elementor-widget-heading .elementor-heading-title.elementor-size-xl{font-size:39px}.elementor-widget-heading .elementor-heading-title.elementor-size-xxl{font-size:59px}<\/style><h2 class=\"elementor-heading-title elementor-size-default\">Produtos<\/h2>\t\t<\/div>\n\t\t\t\t<\/div>\n\t\t\t\t<div class=\"elementor-element elementor-element-6f21129e elementor-icon-list--layout-inline elementor-align-center elementor-widget__width-auto elementor-list-item-link-full_width elementor-widget elementor-widget-icon-list\" data-id=\"6f21129e\" data-element_type=\"widget\" data-widget_type=\"icon-list.default\">\n\t\t\t\t<div class=\"elementor-widget-container\">\n\t\t\t<link rel=\"stylesheet\" href=\"https:\/\/onlinesonorizacoes.com.br\/wp-content\/plugins\/elementor\/assets\/css\/widget-icon-list.min.css\">\t\t<ul class=\"elementor-icon-list-items elementor-inline-items\">\n\t\t\t\t\t\t\t<li class=\"elementor-icon-list-item elementor-inline-item\">\n\t\t\t\t\t\t\t\t\t\t<span class=\"elementor-icon-list-text\">Home<\/span>\n\t\t\t\t\t\t\t\t\t<\/li>\n\t\t\t\t\t\t<\/ul>\n\t\t\t\t<\/div>\n\t\t\t\t<\/div>\n\t\t\t\t<div class=\"elementor-element elementor-element-656b2c47 elementor-icon-list--layout-inline elementor-align-center elementor-widget__width-auto elementor-list-item-link-full_width elementor-widget elementor-widget-icon-list\" data-id=\"656b2c47\" data-element_type=\"widget\" data-widget_type=\"icon-list.default\">\n\t\t\t\t<div class=\"elementor-widget-container\">\n\t\t\t\t\t<ul class=\"elementor-icon-list-items elementor-inline-items\">\n\t\t\t\t\t\t\t<li class=\"elementor-icon-list-item elementor-inline-item\">\n\t\t\t\t\t\t\t\t\t\t\t<span class=\"elementor-icon-list-icon\">\n\t\t\t\t\t\t\t<i aria-hidden=\"true\" class=\"fas fa-chevron-right\"><\/i>\t\t\t\t\t\t<\/span>\n\t\t\t\t\t\t\t\t\t\t<span class=\"elementor-icon-list-text\">Produtos<\/span>\n\t\t\t\t\t\t\t\t\t<\/li>\n\t\t\t\t\t\t<\/ul>\n\t\t\t\t<\/div>\n\t\t\t\t<\/div>\n\t\t\t\t\t<\/div>\n\t\t<\/div>\n\t\t\t\t\t\t\t<\/div>\n\t\t<\/section>\n\t\t\t\t<section class=\"elementor-section elementor-top-section elementor-element elementor-element-3ab1b6af elementor-section-boxed elementor-section-height-default elementor-section-height-default\" data-id=\"3ab1b6af\" data-element_type=\"section\">\n\t\t\t\t\t\t<div class=\"elementor-container elementor-column-gap-no\">\n\t\t\t\t\t<div class=\"elementor-column elementor-col-100 elementor-top-column elementor-element elementor-element-121092ed\" data-id=\"121092ed\" data-element_type=\"column\">\n\t\t\t<div class=\"elementor-widget-wrap elementor-element-populated\">\n\t\t\t\t\t\t\t\t<div class=\"elementor-element elementor-element-23e577d elementor-widget elementor-widget-jkit_product_grid\" data-id=\"23e577d\" data-element_type=\"widget\" data-widget_type=\"jkit_product_grid.default\">\n\t\t\t\t<div class=\"elementor-widget-container\">\n\t\t\t<div  class=\"jeg-elementor-kit jkit-product-grid jkit-pagination-disable post-element jeg_module___69e76ea457949\"  data-id=\"jeg_module___69e76ea457949\" data-settings=\"{&quot;sg_content_column&quot;:4,&quot;sg_content_show_element&quot;:&quot;image,title,price,rating&quot;,&quot;sg_content_sorting&quot;:&quot;yes&quot;,&quot;sg_content_image_heading&quot;:&quot;&quot;,&quot;sg_content_image_size&quot;:&quot;&quot;,&quot;sg_content_sale&quot;:&quot;yes&quot;,&quot;sg_content_percentage&quot;:&quot;yes&quot;,&quot;number_post&quot;:{&quot;unit&quot;:&quot;px&quot;,&quot;size&quot;:8,&quot;sizes&quot;:[]},&quot;post_offset&quot;:0,&quot;wc_include_post&quot;:&quot;&quot;,&quot;wc_exclude_post&quot;:&quot;&quot;,&quot;wc_include_category&quot;:&quot;&quot;,&quot;wc_exclude_category&quot;:&quot;&quot;,&quot;wc_include_tag&quot;:&quot;&quot;,&quot;wc_exclude_tag&quot;:&quot;&quot;,&quot;sort_by&quot;:&quot;latest&quot;,&quot;pagination_mode&quot;:&quot;disable&quot;,&quot;pagination_loadmore_text&quot;:&quot;Load More&quot;,&quot;pagination_loading_text&quot;:&quot;Loading...&quot;,&quot;pagination_number_post&quot;:{&quot;unit&quot;:&quot;px&quot;,&quot;size&quot;:4,&quot;sizes&quot;:[]},&quot;pagination_scroll_limit&quot;:0,&quot;pagination_icon&quot;:{&quot;value&quot;:&quot;&quot;,&quot;library&quot;:&quot;&quot;},&quot;pagination_icon_position&quot;:&quot;before&quot;,&quot;sg_content_image_size_imagesize_size&quot;:&quot;thumbnail&quot;,&quot;post_type&quot;:&quot;product&quot;,&quot;paged&quot;:1,&quot;class&quot;:&quot;jkit_product_grid&quot;}\"><div class=\"jkit-block-container\"><div class=\"product-order\">\n\t\t\t\t<select class=\"orderby\">\n\t\t\t\t\t<option value=\"default\">Default sorting<\/option>\n\t\t\t\t\t<option value=\"popularity\">Sort by popularity<\/option>\n\t\t\t\t\t<option value=\"rating\">Sort by average rating<\/option>\n\t\t\t\t\t<option value=\"latest\">Sort by latest<\/option>\n\t\t\t\t\t<option value=\"price_high\">Sort by price: low to high<\/option>\n\t\t\t\t\t<option value=\"price_low\">Sort by price: high to low<\/option>\n\t\t\t\t<\/select>\n\t\t\t<\/div><div class=\"woocommerce\"><ul class=\"products jkit-products jkit-align-left jkit-ajax-flag\"><li class=\"product type-product post-743 status-publish first instock product_cat-sem-categoria has-post-thumbnail shipping-taxable product-type-simple jkit-product-block\"><a href=\"https:\/\/onlinesonorizacoes.com.br\/?product=pista-de-danca-com-led-no-chao\" class=\"jkit-product\"><div class=\"product-link\"><img width=\"150\" height=\"150\" src=\"https:\/\/onlinesonorizacoes.com.br\/wp-content\/uploads\/2023\/12\/a7fad6a5-caf8-4946-a470-0556ee91130e-150x150.jpg\" class=\"wp-post-image product-image\" alt=\"\" decoding=\"async\" loading=\"lazy\" srcset=\"https:\/\/onlinesonorizacoes.com.br\/wp-content\/uploads\/2023\/12\/a7fad6a5-caf8-4946-a470-0556ee91130e-150x150.jpg 150w, https:\/\/onlinesonorizacoes.com.br\/wp-content\/uploads\/2023\/12\/a7fad6a5-caf8-4946-a470-0556ee91130e-450x450.jpg 450w, https:\/\/onlinesonorizacoes.com.br\/wp-content\/uploads\/2023\/12\/a7fad6a5-caf8-4946-a470-0556ee91130e-100x100.jpg 100w\" sizes=\"(max-width: 150px) 100vw, 150px\" \/><\/div><h2 class=\"product-title\">Pista De Dan\u00e7a Com Led No Ch\u00e3o<\/h2><\/a><a href=\"https:\/\/onlinesonorizacoes.com.br\/?product=pista-de-danca-com-led-no-chao\" data-quantity=\"1\" class=\"button product_type_simple  \" data-product_id=\"743\" data-product_sku=\"\" aria-label=\"Leia mais sobre &ldquo;Pista De Dan\u00e7a Com Led No Ch\u00e3o&rdquo;\" rel=\"nofollow\"><i class=\"fas fa-shopping-cart\"><\/i> Leia mais<\/a><\/li><li class=\"product type-product post-741 status-publish instock product_cat-sem-categoria has-post-thumbnail shipping-taxable product-type-simple jkit-product-block\"><a href=\"https:\/\/onlinesonorizacoes.com.br\/?product=painel-de-led-para-eletronica\" class=\"jkit-product\"><div class=\"product-link\"><img width=\"150\" height=\"150\" src=\"https:\/\/onlinesonorizacoes.com.br\/wp-content\/uploads\/2023\/12\/a893aa4594e21473b951d5298d7a229f-150x150.jpg\" class=\"wp-post-image product-image\" alt=\"\" decoding=\"async\" loading=\"lazy\" srcset=\"https:\/\/onlinesonorizacoes.com.br\/wp-content\/uploads\/2023\/12\/a893aa4594e21473b951d5298d7a229f-150x150.jpg 150w, https:\/\/onlinesonorizacoes.com.br\/wp-content\/uploads\/2023\/12\/a893aa4594e21473b951d5298d7a229f-450x450.jpg 450w, https:\/\/onlinesonorizacoes.com.br\/wp-content\/uploads\/2023\/12\/a893aa4594e21473b951d5298d7a229f-100x100.jpg 100w\" sizes=\"(max-width: 150px) 100vw, 150px\" \/><\/div><h2 class=\"product-title\">Painel De Led Para Eletr\u00f4nica<\/h2><\/a><a href=\"https:\/\/onlinesonorizacoes.com.br\/?product=painel-de-led-para-eletronica\" data-quantity=\"1\" class=\"button product_type_simple  \" data-product_id=\"741\" data-product_sku=\"\" aria-label=\"Leia mais sobre &ldquo;Painel De Led Para Eletr\u00f4nica&rdquo;\" rel=\"nofollow\"><i class=\"fas fa-shopping-cart\"><\/i> Leia mais<\/a><\/li><li class=\"product type-product post-739 status-publish instock product_cat-sem-categoria has-post-thumbnail shipping-taxable product-type-simple jkit-product-block\"><a href=\"https:\/\/onlinesonorizacoes.com.br\/?product=pista-paris-para-casamentos\" class=\"jkit-product\"><div class=\"product-link\"><img width=\"150\" height=\"150\" src=\"https:\/\/onlinesonorizacoes.com.br\/wp-content\/uploads\/2023\/12\/b4237ab0-9403-4bb6-b5d5-d0da09c5e25c-150x150.jpg\" class=\"wp-post-image product-image\" alt=\"\" decoding=\"async\" loading=\"lazy\" srcset=\"https:\/\/onlinesonorizacoes.com.br\/wp-content\/uploads\/2023\/12\/b4237ab0-9403-4bb6-b5d5-d0da09c5e25c-150x150.jpg 150w, https:\/\/onlinesonorizacoes.com.br\/wp-content\/uploads\/2023\/12\/b4237ab0-9403-4bb6-b5d5-d0da09c5e25c-450x450.jpg 450w, https:\/\/onlinesonorizacoes.com.br\/wp-content\/uploads\/2023\/12\/b4237ab0-9403-4bb6-b5d5-d0da09c5e25c-100x100.jpg 100w\" sizes=\"(max-width: 150px) 100vw, 150px\" \/><\/div><h2 class=\"product-title\">Pista Paris Para Casamentos<\/h2><\/a><a href=\"https:\/\/onlinesonorizacoes.com.br\/?product=pista-paris-para-casamentos\" data-quantity=\"1\" class=\"button product_type_simple  \" data-product_id=\"739\" data-product_sku=\"\" aria-label=\"Leia mais sobre &ldquo;Pista Paris Para Casamentos&rdquo;\" rel=\"nofollow\"><i class=\"fas fa-shopping-cart\"><\/i> Leia mais<\/a><\/li><li class=\"product type-product post-737 status-publish last instock product_cat-sem-categoria has-post-thumbnail shipping-taxable product-type-simple jkit-product-block\"><a href=\"https:\/\/onlinesonorizacoes.com.br\/?product=luz-cenica-para-decoracao-de-mesa-de-doces\" class=\"jkit-product\"><div class=\"product-link\"><img width=\"150\" height=\"150\" src=\"https:\/\/onlinesonorizacoes.com.br\/wp-content\/uploads\/2023\/12\/1cdc38da-4552-480e-bbd9-150x150.jpg\" class=\"wp-post-image product-image\" alt=\"\" decoding=\"async\" loading=\"lazy\" srcset=\"https:\/\/onlinesonorizacoes.com.br\/wp-content\/uploads\/2023\/12\/1cdc38da-4552-480e-bbd9-150x150.jpg 150w, https:\/\/onlinesonorizacoes.com.br\/wp-content\/uploads\/2023\/12\/1cdc38da-4552-480e-bbd9-450x450.jpg 450w, https:\/\/onlinesonorizacoes.com.br\/wp-content\/uploads\/2023\/12\/1cdc38da-4552-480e-bbd9-100x100.jpg 100w\" sizes=\"(max-width: 150px) 100vw, 150px\" \/><\/div><h2 class=\"product-title\">Luz C\u00eanica para Decora\u00e7\u00e3o De Mesa de Doces<\/h2><\/a><a href=\"https:\/\/onlinesonorizacoes.com.br\/?product=luz-cenica-para-decoracao-de-mesa-de-doces\" data-quantity=\"1\" class=\"button product_type_simple  \" data-product_id=\"737\" data-product_sku=\"\" aria-label=\"Leia mais sobre &ldquo;Luz C\u00eanica para Decora\u00e7\u00e3o De Mesa de Doces&rdquo;\" rel=\"nofollow\"><i class=\"fas fa-shopping-cart\"><\/i> Leia mais<\/a><\/li><li class=\"product type-product post-735 status-publish first instock product_cat-sem-categoria has-post-thumbnail shipping-taxable product-type-simple jkit-product-block\"><a href=\"https:\/\/onlinesonorizacoes.com.br\/?product=iluminacao-externa\" class=\"jkit-product\"><div class=\"product-link\"><img width=\"150\" height=\"150\" src=\"https:\/\/onlinesonorizacoes.com.br\/wp-content\/uploads\/2023\/12\/072d984f-b0b2-47d2-97d7-f66b12ec4e57-150x150.jpg\" class=\"wp-post-image product-image\" alt=\"\" decoding=\"async\" loading=\"lazy\" srcset=\"https:\/\/onlinesonorizacoes.com.br\/wp-content\/uploads\/2023\/12\/072d984f-b0b2-47d2-97d7-f66b12ec4e57-150x150.jpg 150w, https:\/\/onlinesonorizacoes.com.br\/wp-content\/uploads\/2023\/12\/072d984f-b0b2-47d2-97d7-f66b12ec4e57-450x450.jpg 450w, https:\/\/onlinesonorizacoes.com.br\/wp-content\/uploads\/2023\/12\/072d984f-b0b2-47d2-97d7-f66b12ec4e57-100x100.jpg 100w\" sizes=\"(max-width: 150px) 100vw, 150px\" \/><\/div><h2 class=\"product-title\">Ilumina\u00e7\u00e3o Externa<\/h2><\/a><a href=\"https:\/\/onlinesonorizacoes.com.br\/?product=iluminacao-externa\" data-quantity=\"1\" class=\"button product_type_simple  \" data-product_id=\"735\" data-product_sku=\"\" aria-label=\"Leia mais sobre &ldquo;Ilumina\u00e7\u00e3o Externa&rdquo;\" rel=\"nofollow\"><i class=\"fas fa-shopping-cart\"><\/i> Leia mais<\/a><\/li><li class=\"product type-product post-733 status-publish instock product_cat-sem-categoria has-post-thumbnail shipping-taxable product-type-simple jkit-product-block\"><a href=\"https:\/\/onlinesonorizacoes.com.br\/?product=painel-de-led-curvo\" class=\"jkit-product\"><div class=\"product-link\"><img width=\"150\" height=\"150\" src=\"https:\/\/onlinesonorizacoes.com.br\/wp-content\/uploads\/2023\/12\/0c725a40-adc1-4494-b8b1-6a474662c09e-150x150.jpg\" class=\"wp-post-image product-image\" alt=\"\" decoding=\"async\" loading=\"lazy\" srcset=\"https:\/\/onlinesonorizacoes.com.br\/wp-content\/uploads\/2023\/12\/0c725a40-adc1-4494-b8b1-6a474662c09e-150x150.jpg 150w, https:\/\/onlinesonorizacoes.com.br\/wp-content\/uploads\/2023\/12\/0c725a40-adc1-4494-b8b1-6a474662c09e-450x450.jpg 450w, https:\/\/onlinesonorizacoes.com.br\/wp-content\/uploads\/2023\/12\/0c725a40-adc1-4494-b8b1-6a474662c09e-100x100.jpg 100w\" sizes=\"(max-width: 150px) 100vw, 150px\" \/><\/div><h2 class=\"product-title\">Painel De Led Curvo<\/h2><\/a><a href=\"https:\/\/onlinesonorizacoes.com.br\/?product=painel-de-led-curvo\" data-quantity=\"1\" class=\"button product_type_simple  \" data-product_id=\"733\" data-product_sku=\"\" aria-label=\"Leia mais sobre &ldquo;Painel De Led Curvo&rdquo;\" rel=\"nofollow\"><i class=\"fas fa-shopping-cart\"><\/i> Leia mais<\/a><\/li><li class=\"product type-product post-731 status-publish instock product_cat-sem-categoria has-post-thumbnail shipping-taxable product-type-simple jkit-product-block\"><a href=\"https:\/\/onlinesonorizacoes.com.br\/?product=luz-cenica-para-decoracao-de-casamento\" class=\"jkit-product\"><div class=\"product-link\"><img width=\"150\" height=\"150\" src=\"https:\/\/onlinesonorizacoes.com.br\/wp-content\/uploads\/2023\/12\/2429d8ee-3239-4400-a4ea-83b46ae4e637-150x150.jpg\" class=\"wp-post-image product-image\" alt=\"\" decoding=\"async\" loading=\"lazy\" srcset=\"https:\/\/onlinesonorizacoes.com.br\/wp-content\/uploads\/2023\/12\/2429d8ee-3239-4400-a4ea-83b46ae4e637-150x150.jpg 150w, https:\/\/onlinesonorizacoes.com.br\/wp-content\/uploads\/2023\/12\/2429d8ee-3239-4400-a4ea-83b46ae4e637-450x450.jpg 450w, https:\/\/onlinesonorizacoes.com.br\/wp-content\/uploads\/2023\/12\/2429d8ee-3239-4400-a4ea-83b46ae4e637-100x100.jpg 100w\" sizes=\"(max-width: 150px) 100vw, 150px\" \/><\/div><h2 class=\"product-title\">Luz C\u00eanica para Decora\u00e7\u00e3o de Casamento<\/h2><\/a><a href=\"https:\/\/onlinesonorizacoes.com.br\/?product=luz-cenica-para-decoracao-de-casamento\" data-quantity=\"1\" class=\"button product_type_simple  \" data-product_id=\"731\" data-product_sku=\"\" aria-label=\"Leia mais sobre &ldquo;Luz C\u00eanica para Decora\u00e7\u00e3o de Casamento&rdquo;\" rel=\"nofollow\"><i class=\"fas fa-shopping-cart\"><\/i> Leia mais<\/a><\/li><li class=\"product type-product post-729 status-publish last instock product_cat-sem-categoria has-post-thumbnail shipping-taxable product-type-simple jkit-product-block\"><a href=\"https:\/\/onlinesonorizacoes.com.br\/?product=luz-cenica-para-decoracao\" class=\"jkit-product\"><div class=\"product-link\"><img width=\"150\" height=\"150\" src=\"https:\/\/onlinesonorizacoes.com.br\/wp-content\/uploads\/2023\/12\/70bedc0e-0907-421a-9670-3a0deee033ee-150x150.jpg\" class=\"wp-post-image product-image\" alt=\"\" decoding=\"async\" loading=\"lazy\" srcset=\"https:\/\/onlinesonorizacoes.com.br\/wp-content\/uploads\/2023\/12\/70bedc0e-0907-421a-9670-3a0deee033ee-150x150.jpg 150w, https:\/\/onlinesonorizacoes.com.br\/wp-content\/uploads\/2023\/12\/70bedc0e-0907-421a-9670-3a0deee033ee-450x450.jpg 450w, https:\/\/onlinesonorizacoes.com.br\/wp-content\/uploads\/2023\/12\/70bedc0e-0907-421a-9670-3a0deee033ee-100x100.jpg 100w\" sizes=\"(max-width: 150px) 100vw, 150px\" \/><\/div><h2 class=\"product-title\">Luz C\u00eanica para Decora\u00e7\u00e3o<\/h2><\/a><a href=\"https:\/\/onlinesonorizacoes.com.br\/?product=luz-cenica-para-decoracao\" data-quantity=\"1\" class=\"button product_type_simple  \" data-product_id=\"729\" data-product_sku=\"\" aria-label=\"Leia mais sobre &ldquo;Luz C\u00eanica para Decora\u00e7\u00e3o&rdquo;\" rel=\"nofollow\"><i class=\"fas fa-shopping-cart\"><\/i> Leia mais<\/a><\/li><\/ul><\/div><div class=\"jkit-preloader-overlay\">\n\t\t\t\t\t<div class=\"jkit-preloader-type jkit-preloader-dot\">\n\t\t\t\t\t\t<div class=\"jkit-preloader\">\n\t\t\t\t\t\t\t<span><\/span><span><\/span><span><\/span>\n\t\t\t\t\t\t<\/div>\n\t\t\t\t\t<\/div>\n\t\t\t\t<\/div><\/div><\/div>\t\t<\/div>\n\t\t\t\t<\/div>\n\t\t\t\t\t<\/div>\n\t\t<\/div>\n\t\t\t\t\t\t\t<\/div>\n\t\t<\/section>\n\t\t\t\t\t\t\t<\/div>\n\t\t","protected":false},"excerpt":{"rendered":"<p>Produtos Home Produtos Default sortingSort by popularitySort by average ratingSort by latestSort by price: low to highSort by price: high to low Divi Simplified Crop-top Ver op\u00e7\u00f5es Divi Ninja Tee Ver op\u00e7\u00f5es 7%-7%Sale WooCommerce &#8220;Gimme the Money&#8221; Zipper Hoodie Ver op\u00e7\u00f5es 7%-7%Sale Purple Divi Engine Text Zipper Hoodie Ver op\u00e7\u00f5es Divi Engine Logo Zipper Hoodie [&hellip;]<\/p>\n","protected":false},"author":1,"featured_media":0,"parent":0,"menu_order":0,"comment_status":"closed","ping_status":"closed","template":"elementor_header_footer","meta":[],"_links":{"self":[{"href":"https:\/\/onlinesonorizacoes.com.br\/index.php?rest_route=\/wp\/v2\/pages\/121"}],"collection":[{"href":"https:\/\/onlinesonorizacoes.com.br\/index.php?rest_route=\/wp\/v2\/pages"}],"about":[{"href":"https:\/\/onlinesonorizacoes.com.br\/index.php?rest_route=\/wp\/v2\/types\/page"}],"author":[{"embeddable":true,"href":"https:\/\/onlinesonorizacoes.com.br\/index.php?rest_route=\/wp\/v2\/users\/1"}],"replies":[{"embeddable":true,"href":"https:\/\/onlinesonorizacoes.com.br\/index.php?rest_route=%2Fwp%2Fv2%2Fcomments&post=121"}],"version-history":[{"count":13,"href":"https:\/\/onlinesonorizacoes.com.br\/index.php?rest_route=\/wp\/v2\/pages\/121\/revisions"}],"predecessor-version":[{"id":398,"href":"https:\/\/onlinesonorizacoes.com.br\/index.php?rest_route=\/wp\/v2\/pages\/121\/revisions\/398"}],"wp:attachment":[{"href":"https:\/\/onlinesonorizacoes.com.br\/index.php?rest_route=%2Fwp%2Fv2%2Fmedia&parent=121"}],"curies":[{"name":"wp","href":"https:\/\/api.w.org\/{rel}","templated":true}]}}