{"id":737,"date":"2023-12-07T16:04:06","date_gmt":"2023-12-07T19:04:06","guid":{"rendered":"https:\/\/onlinesonorizacoes.com.br\/?post_type=product&#038;p=737"},"modified":"2025-12-25T00:17:29","modified_gmt":"2025-12-25T03:17:29","slug":"luz-cenica-para-decoracao-de-mesa-de-doces","status":"publish","type":"product","link":"https:\/\/onlinesonorizacoes.com.br\/?product=luz-cenica-para-decoracao-de-mesa-de-doces","title":{"rendered":"Luz C\u00eanica para Decora\u00e7\u00e3o De Mesa de Doces"},"content":{"rendered":"","protected":false},"excerpt":{"rendered":"","protected":false},"featured_media":738,"comment_status":"open","ping_status":"closed","template":"","meta":[],"product_cat":[18],"product_tag":[],"_links":{"self":[{"href":"https:\/\/onlinesonorizacoes.com.br\/index.php?rest_route=\/wp\/v2\/product\/737"}],"collection":[{"href":"https:\/\/onlinesonorizacoes.com.br\/index.php?rest_route=\/wp\/v2\/product"}],"about":[{"href":"https:\/\/onlinesonorizacoes.com.br\/index.php?rest_route=\/wp\/v2\/types\/product"}],"replies":[{"embeddable":true,"href":"https:\/\/onlinesonorizacoes.com.br\/index.php?rest_route=%2Fwp%2Fv2%2Fcomments&post=737"}],"wp:featuredmedia":[{"embeddable":true,"href":"https:\/\/onlinesonorizacoes.com.br\/index.php?rest_route=\/wp\/v2\/media\/738"}],"wp:attachment":[{"href":"https:\/\/onlinesonorizacoes.com.br\/index.php?rest_route=%2Fwp%2Fv2%2Fmedia&parent=737"}],"wp:term":[{"taxonomy":"product_cat","embeddable":true,"href":"https:\/\/onlinesonorizacoes.com.br\/index.php?rest_route=%2Fwp%2Fv2%2Fproduct_cat&post=737"},{"taxonomy":"product_tag","embeddable":true,"href":"https:\/\/onlinesonorizacoes.com.br\/index.php?rest_route=%2Fwp%2Fv2%2Fproduct_tag&post=737"}],"curies":[{"name":"wp","href":"https:\/\/api.w.org\/{rel}","templated":true}]}}